{"id":12,"date":"2024-11-09T16:26:44","date_gmt":"2024-11-09T15:26:44","guid":{"rendered":"http:\/\/www.ac-pc.dk\/?page_id=12"},"modified":"2026-02-09T13:02:07","modified_gmt":"2026-02-09T12:02:07","slug":"forside","status":"publish","type":"page","link":"https:\/\/www.ac-pc.dk\/","title":{"rendered":"ac-pc hjemmeside"},"content":{"rendered":"\r\n<div class=\"wp-block-group is-nowrap is-layout-flex wp-container-core-group-is-layout-ad2f72ca wp-block-group-is-layout-flex\">\r\n<p class=\"has-dark-gray-color has-text-color has-link-color has-medium-font-size wp-elements-706762d20a46930186d788b0e19d854d\"><strong>Jeg er en \u00e6ldre mand der kan lide at Cykle og komme rundt.\u00a0<\/strong><br \/><strong>Jeg har studeret p\u00e5 Niels Brock og har flere EDB uddannelser.<br \/>Jeg har B\u00f8rneb\u00f8rn.<br \/>Jeg har l\u00e6rt Reiki healer og meget andet i den retning.<\/strong><br \/><strong>Jeg laver mange foto med min Nikon Z50<br \/>Jeg kan ogs\u00e5 g\u00e5 ud og tage billeder mod betaling <br \/><\/strong>\u00a0<strong>Du vil finde mange gode ting og billeder p\u00e5 den her side <\/strong><\/p>\r\n\r\n\r\n<details class=\"wp-block-details has-dark-gray-color has-light-green-cyan-to-vivid-green-cyan-gradient-background has-text-color has-background has-link-color wp-elements-ed1e92157a5114e19d487be146c83d42 is-layout-flow wp-block-details-is-layout-flow\" open=\"\">\r\n<summary><\/summary>\r\n<ul class=\"wp-elements-6bd6d7d314aeedd579a0bdd4a6bf508f wp-block-page-list has-text-color has-dark-gray-color has-background has-white-background-color has-small-font-size\"><li class=\"wp-block-pages-list__item\"><a class=\"wp-block-pages-list__item__link\" href=\"https:\/\/www.ac-pc.dk\/index.php\/arken\/\">Arken<\/a><\/li><li class=\"wp-block-pages-list__item has-child\"><a class=\"wp-block-pages-list__item__link\" href=\"https:\/\/www.ac-pc.dk\/index.php\/asc-foto\/\">ASC-Foto<\/a><ul class=\"wp-block-navigation__submenu-container\"><li class=\"wp-block-pages-list__item  menu-item-home\"><a class=\"wp-block-pages-list__item__link\" href=\"https:\/\/www.ac-pc.dk\/\">ac-pc hjemmeside<\/a><\/li><\/ul><\/li><li class=\"wp-block-pages-list__item\"><a class=\"wp-block-pages-list__item__link\" href=\"https:\/\/www.ac-pc.dk\/index.php\/cykeltur\/\">Cykeltur<\/a><\/li><li class=\"wp-block-pages-list__item\"><a class=\"wp-block-pages-list__item__link\" href=\"https:\/\/www.ac-pc.dk\/index.php\/esrum\/\">Esrum<\/a><\/li><li class=\"wp-block-pages-list__item\"><a class=\"wp-block-pages-list__item__link\" href=\"https:\/\/www.ac-pc.dk\/index.php\/et-moede\/\">Et m\u00f8de<\/a><\/li><li class=\"wp-block-pages-list__item\"><a class=\"wp-block-pages-list__item__link\" href=\"https:\/\/www.ac-pc.dk\/index.php\/gamle-foto\/\">Gamle foto<\/a><\/li><li class=\"wp-block-pages-list__item\"><a class=\"wp-block-pages-list__item__link\" href=\"https:\/\/www.ac-pc.dk\/index.php\/naar-forsynet-snakker\/\">N\u00e5r forsynet snakker<\/a><\/li><li class=\"wp-block-pages-list__item\"><a class=\"wp-block-pages-list__item__link\" href=\"https:\/\/www.ac-pc.dk\/index.php\/noveller\/\">Noveller<\/a><\/li><li class=\"wp-block-pages-list__item\"><a class=\"wp-block-pages-list__item__link\" href=\"https:\/\/www.ac-pc.dk\/index.php\/politik\/\">Politik<\/a><\/li><li class=\"wp-block-pages-list__item\"><a class=\"wp-block-pages-list__item__link\" href=\"https:\/\/www.ac-pc.dk\/index.php\/siden\/\">Siden<\/a><\/li><li class=\"wp-block-pages-list__item\"><a class=\"wp-block-pages-list__item__link\" href=\"https:\/\/www.ac-pc.dk\/index.php\/skjoldnaesholm-sporvejsmuseum\/\">Skjoldn\u00e6sholm sporvejsmuseum<\/a><\/li><li class=\"wp-block-pages-list__item\"><a class=\"wp-block-pages-list__item__link\" href=\"https:\/\/www.ac-pc.dk\/index.php\/software\/\">Software<\/a><\/li><li class=\"wp-block-pages-list__item\"><a class=\"wp-block-pages-list__item__link\" href=\"https:\/\/www.ac-pc.dk\/index.php\/sommer-2025\/\">sommer 2025<\/a><\/li><li class=\"wp-block-pages-list__item\"><a class=\"wp-block-pages-list__item__link\" href=\"https:\/\/www.ac-pc.dk\/index.php\/sommerfugle\/\">Sommerfugle<\/a><\/li><li class=\"wp-block-pages-list__item\"><a class=\"wp-block-pages-list__item__link\" href=\"https:\/\/www.ac-pc.dk\/index.php\/sverige\/\">Sverige<\/a><\/li><li class=\"wp-block-pages-list__item\"><a class=\"wp-block-pages-list__item__link\" href=\"https:\/\/www.ac-pc.dk\/index.php\/synd\/\">Synd<\/a><\/li><li class=\"wp-block-pages-list__item\"><a class=\"wp-block-pages-list__item__link\" href=\"https:\/\/www.ac-pc.dk\/index.php\/ture-2024\/\">Ture 2024<\/a><\/li><li class=\"wp-block-pages-list__item\"><a class=\"wp-block-pages-list__item__link\" href=\"https:\/\/www.ac-pc.dk\/index.php\/vinteren-2026\/\">Vinteren 2026<\/a><\/li><li class=\"wp-block-pages-list__item\"><a class=\"wp-block-pages-list__item__link\" href=\"https:\/\/www.ac-pc.dk\/index.php\/zoo-2023\/\">Zoo 2023<\/a><\/li><\/ul><\/details><\/div>\r\n\r\n\r\n\r\n\r\n\r\n<figure class=\"wp-block-image size-full is-resized\"><a href=\"https:\/\/www.ac-pc.dk\/index.php\/asc-foto\/\" target=\"_blank\" rel=\"noopener\"><img loading=\"lazy\" decoding=\"async\" width=\"588\" height=\"295\" class=\"wp-image-594\" style=\"width: 281px; height: auto;\" src=\"https:\/\/www.ac-pc.dk\/wp-content\/uploads\/2025\/11\/asc_foto2.jpg\" alt=\"\" srcset=\"https:\/\/www.ac-pc.dk\/wp-content\/uploads\/2025\/11\/asc_foto2.jpg 588w, https:\/\/www.ac-pc.dk\/wp-content\/uploads\/2025\/11\/asc_foto2-300x151.jpg 300w, https:\/\/www.ac-pc.dk\/wp-content\/uploads\/2025\/11\/asc_foto2-100x50.jpg 100w\" sizes=\"auto, (max-width: 588px) 100vw, 588px\" \/><\/a><\/figure>\r\n\r\n\r\n\r\n<p>&nbsp;<\/p>\r\n\r\n\r\n\r\n<figure class=\"wp-block-gallery has-nested-images columns-default is-cropped wp-block-gallery-1 is-layout-flex wp-block-gallery-is-layout-flex\">\r\n<figure class=\"wp-block-image size-large\"><img loading=\"lazy\" decoding=\"async\" width=\"1024\" height=\"978\" data-id=\"579\" class=\"wp-image-579\" src=\"https:\/\/www.ac-pc.dk\/wp-content\/uploads\/2025\/10\/abew6-1024x978.jpg\" alt=\"\" srcset=\"https:\/\/www.ac-pc.dk\/wp-content\/uploads\/2025\/10\/abew6-1024x978.jpg 1024w, https:\/\/www.ac-pc.dk\/wp-content\/uploads\/2025\/10\/abew6-300x286.jpg 300w, https:\/\/www.ac-pc.dk\/wp-content\/uploads\/2025\/10\/abew6-768x733.jpg 768w, https:\/\/www.ac-pc.dk\/wp-content\/uploads\/2025\/10\/abew6-100x95.jpg 100w, https:\/\/www.ac-pc.dk\/wp-content\/uploads\/2025\/10\/abew6-624x596.jpg 624w, https:\/\/www.ac-pc.dk\/wp-content\/uploads\/2025\/10\/abew6.jpg 1280w\" sizes=\"auto, (max-width: 1024px) 100vw, 1024px\" \/><\/figure>\r\n\r\n\r\n\r\n<figure class=\"wp-block-image size-large\"><img loading=\"lazy\" decoding=\"async\" width=\"1024\" height=\"933\" data-id=\"582\" class=\"wp-image-582\" src=\"https:\/\/www.ac-pc.dk\/wp-content\/uploads\/2025\/10\/abew9-1024x933.jpg\" alt=\"\" srcset=\"https:\/\/www.ac-pc.dk\/wp-content\/uploads\/2025\/10\/abew9-1024x933.jpg 1024w, https:\/\/www.ac-pc.dk\/wp-content\/uploads\/2025\/10\/abew9-300x273.jpg 300w, https:\/\/www.ac-pc.dk\/wp-content\/uploads\/2025\/10\/abew9-768x700.jpg 768w, https:\/\/www.ac-pc.dk\/wp-content\/uploads\/2025\/10\/abew9-100x91.jpg 100w, https:\/\/www.ac-pc.dk\/wp-content\/uploads\/2025\/10\/abew9-1536x1400.jpg 1536w, https:\/\/www.ac-pc.dk\/wp-content\/uploads\/2025\/10\/abew9-624x569.jpg 624w, https:\/\/www.ac-pc.dk\/wp-content\/uploads\/2025\/10\/abew9.jpg 1920w\" sizes=\"auto, (max-width: 1024px) 100vw, 1024px\" \/><\/figure>\r\n\r\n\r\n\r\n<figure class=\"wp-block-image size-large\"><img loading=\"lazy\" decoding=\"async\" width=\"1024\" height=\"730\" data-id=\"581\" class=\"wp-image-581\" src=\"https:\/\/www.ac-pc.dk\/wp-content\/uploads\/2025\/10\/abew8-1024x730.jpg\" alt=\"\" srcset=\"https:\/\/www.ac-pc.dk\/wp-content\/uploads\/2025\/10\/abew8-1024x730.jpg 1024w, https:\/\/www.ac-pc.dk\/wp-content\/uploads\/2025\/10\/abew8-300x214.jpg 300w, https:\/\/www.ac-pc.dk\/wp-content\/uploads\/2025\/10\/abew8-768x548.jpg 768w, https:\/\/www.ac-pc.dk\/wp-content\/uploads\/2025\/10\/abew8-100x71.jpg 100w, https:\/\/www.ac-pc.dk\/wp-content\/uploads\/2025\/10\/abew8-1536x1095.jpg 1536w, https:\/\/www.ac-pc.dk\/wp-content\/uploads\/2025\/10\/abew8-624x445.jpg 624w, https:\/\/www.ac-pc.dk\/wp-content\/uploads\/2025\/10\/abew8.jpg 1920w\" sizes=\"auto, (max-width: 1024px) 100vw, 1024px\" \/><\/figure>\r\n\r\n\r\n\r\n<figure class=\"wp-block-image size-large\"><img loading=\"lazy\" decoding=\"async\" width=\"1024\" height=\"682\" data-id=\"532\" class=\"wp-image-532\" src=\"https:\/\/www.ac-pc.dk\/wp-content\/uploads\/2025\/09\/spor25_6-2-1024x682.jpg\" alt=\"\" srcset=\"https:\/\/www.ac-pc.dk\/wp-content\/uploads\/2025\/09\/spor25_6-2-1024x682.jpg 1024w, https:\/\/www.ac-pc.dk\/wp-content\/uploads\/2025\/09\/spor25_6-2-300x200.jpg 300w, https:\/\/www.ac-pc.dk\/wp-content\/uploads\/2025\/09\/spor25_6-2-768x512.jpg 768w, https:\/\/www.ac-pc.dk\/wp-content\/uploads\/2025\/09\/spor25_6-2-624x416.jpg 624w, https:\/\/www.ac-pc.dk\/wp-content\/uploads\/2025\/09\/spor25_6-2.jpg 1280w\" sizes=\"auto, (max-width: 1024px) 100vw, 1024px\" \/><\/figure>\r\n<\/figure>\r\n\r\n\r\n\r\n<p>&nbsp;<\/p>\r\n<div class=\"pvc_clear\"><\/div><p id=\"pvc_stats_12\" class=\"pvc_stats all  \" data-element-id=\"12\" style=\"\"><i class=\"pvc-stats-icon large\" aria-hidden=\"true\"><svg aria-hidden=\"true\" focusable=\"false\" data-prefix=\"far\" data-icon=\"chart-bar\" role=\"img\" xmlns=\"http:\/\/www.w3.org\/2000\/svg\" viewBox=\"0 0 512 512\" class=\"svg-inline--fa fa-chart-bar fa-w-16 fa-2x\"><path fill=\"currentColor\" d=\"M396.8 352h22.4c6.4 0 12.8-6.4 12.8-12.8V108.8c0-6.4-6.4-12.8-12.8-12.8h-22.4c-6.4 0-12.8 6.4-12.8 12.8v230.4c0 6.4 6.4 12.8 12.8 12.8zm-192 0h22.4c6.4 0 12.8-6.4 12.8-12.8V140.8c0-6.4-6.4-12.8-12.8-12.8h-22.4c-6.4 0-12.8 6.4-12.8 12.8v198.4c0 6.4 6.4 12.8 12.8 12.8zm96 0h22.4c6.4 0 12.8-6.4 12.8-12.8V204.8c0-6.4-6.4-12.8-12.8-12.8h-22.4c-6.4 0-12.8 6.4-12.8 12.8v134.4c0 6.4 6.4 12.8 12.8 12.8zM496 400H48V80c0-8.84-7.16-16-16-16H16C7.16 64 0 71.16 0 80v336c0 17.67 14.33 32 32 32h464c8.84 0 16-7.16 16-16v-16c0-8.84-7.16-16-16-16zm-387.2-48h22.4c6.4 0 12.8-6.4 12.8-12.8v-70.4c0-6.4-6.4-12.8-12.8-12.8h-22.4c-6.4 0-12.8 6.4-12.8 12.8v70.4c0 6.4 6.4 12.8 12.8 12.8z\" class=\"\"><\/path><\/svg><\/i> <img loading=\"lazy\" decoding=\"async\" width=\"16\" height=\"16\" alt=\"Loading\" src=\"https:\/\/www.ac-pc.dk\/wp-content\/plugins\/page-views-count\/ajax-loader-2x.gif\" border=0 \/><\/p><div class=\"pvc_clear\"><\/div>","protected":false},"excerpt":{"rendered":"<p>Jeg er en \u00e6ldre mand der kan lide at Cykle og komme rundt.\u00a0Jeg har studeret p\u00e5 Niels Brock og har flere EDB uddannelser.Jeg har B\u00f8rneb\u00f8rn.Jeg har l\u00e6rt Reiki healer og meget andet i den retning.Jeg laver mange foto med min Nikon Z50Jeg kan ogs\u00e5 g\u00e5 ud og tage billeder mod betaling \u00a0Du vil finde mange [&hellip;]<\/p>\n<div class=\"pvc_clear\"><\/div>\n<p id=\"pvc_stats_12\" class=\"pvc_stats all  \" data-element-id=\"12\" style=\"\"><i class=\"pvc-stats-icon large\" aria-hidden=\"true\"><svg aria-hidden=\"true\" focusable=\"false\" data-prefix=\"far\" data-icon=\"chart-bar\" role=\"img\" xmlns=\"http:\/\/www.w3.org\/2000\/svg\" viewBox=\"0 0 512 512\" class=\"svg-inline--fa fa-chart-bar fa-w-16 fa-2x\"><path fill=\"currentColor\" d=\"M396.8 352h22.4c6.4 0 12.8-6.4 12.8-12.8V108.8c0-6.4-6.4-12.8-12.8-12.8h-22.4c-6.4 0-12.8 6.4-12.8 12.8v230.4c0 6.4 6.4 12.8 12.8 12.8zm-192 0h22.4c6.4 0 12.8-6.4 12.8-12.8V140.8c0-6.4-6.4-12.8-12.8-12.8h-22.4c-6.4 0-12.8 6.4-12.8 12.8v198.4c0 6.4 6.4 12.8 12.8 12.8zm96 0h22.4c6.4 0 12.8-6.4 12.8-12.8V204.8c0-6.4-6.4-12.8-12.8-12.8h-22.4c-6.4 0-12.8 6.4-12.8 12.8v134.4c0 6.4 6.4 12.8 12.8 12.8zM496 400H48V80c0-8.84-7.16-16-16-16H16C7.16 64 0 71.16 0 80v336c0 17.67 14.33 32 32 32h464c8.84 0 16-7.16 16-16v-16c0-8.84-7.16-16-16-16zm-387.2-48h22.4c6.4 0 12.8-6.4 12.8-12.8v-70.4c0-6.4-6.4-12.8-12.8-12.8h-22.4c-6.4 0-12.8 6.4-12.8 12.8v70.4c0 6.4 6.4 12.8 12.8 12.8z\" class=\"\"><\/path><\/svg><\/i> <img loading=\"lazy\" decoding=\"async\" width=\"16\" height=\"16\" alt=\"Loading\" src=\"https:\/\/www.ac-pc.dk\/wp-content\/plugins\/page-views-count\/ajax-loader-2x.gif\" border=0 \/><\/p>\n<div class=\"pvc_clear\"><\/div>\n","protected":false},"author":1,"featured_media":0,"parent":592,"menu_order":0,"comment_status":"closed","ping_status":"closed","template":"page-templates\/front-page.php","meta":{"_bbp_topic_count":0,"_bbp_reply_count":0,"_bbp_total_topic_count":0,"_bbp_total_reply_count":0,"_bbp_voice_count":0,"_bbp_anonymous_reply_count":0,"_bbp_topic_count_hidden":0,"_bbp_reply_count_hidden":0,"_bbp_forum_subforum_count":0,"footnotes":""},"class_list":["post-12","page","type-page","status-publish","hentry"],"a3_pvc":{"activated":true,"total_views":4217,"today_views":5},"_links":{"self":[{"href":"https:\/\/www.ac-pc.dk\/index.php\/wp-json\/wp\/v2\/pages\/12","targetHints":{"allow":["GET"]}}],"collection":[{"href":"https:\/\/www.ac-pc.dk\/index.php\/wp-json\/wp\/v2\/pages"}],"about":[{"href":"https:\/\/www.ac-pc.dk\/index.php\/wp-json\/wp\/v2\/types\/page"}],"author":[{"embeddable":true,"href":"https:\/\/www.ac-pc.dk\/index.php\/wp-json\/wp\/v2\/users\/1"}],"replies":[{"embeddable":true,"href":"https:\/\/www.ac-pc.dk\/index.php\/wp-json\/wp\/v2\/comments?post=12"}],"version-history":[{"count":26,"href":"https:\/\/www.ac-pc.dk\/index.php\/wp-json\/wp\/v2\/pages\/12\/revisions"}],"predecessor-version":[{"id":642,"href":"https:\/\/www.ac-pc.dk\/index.php\/wp-json\/wp\/v2\/pages\/12\/revisions\/642"}],"up":[{"embeddable":true,"href":"https:\/\/www.ac-pc.dk\/index.php\/wp-json\/wp\/v2\/pages\/592"}],"wp:attachment":[{"href":"https:\/\/www.ac-pc.dk\/index.php\/wp-json\/wp\/v2\/media?parent=12"}],"curies":[{"name":"wp","href":"https:\/\/api.w.org\/{rel}","templated":true}]}}