{"id":193,"date":"2024-11-09T20:50:43","date_gmt":"2024-11-09T19:50:43","guid":{"rendered":"http:\/\/www.ac-pc.dk\/?page_id=193"},"modified":"2024-11-09T20:54:42","modified_gmt":"2024-11-09T19:54:42","slug":"naar-forsynet-snakker","status":"publish","type":"page","link":"https:\/\/www.ac-pc.dk\/index.php\/naar-forsynet-snakker\/","title":{"rendered":"N\u00e5r forsynet snakker"},"content":{"rendered":"<p>&nbsp;<\/p>\n<p class=\"western\"><span style=\"font-size: x-large;\"><b>N\u00e5r forsynet snakker !<\/b><\/span><\/p>\n<p class=\"western\"><strong>Allan Christensen N\u00f8rrebro.<\/strong><br \/>\n<strong>Det var en af de dage, jeg ved ikke om du kender det, hvor man bare<\/strong><br \/>\n<strong>er s\u00e5 sur over et eller andet.<\/strong><br \/>\n<strong>Det v\u00e6rste ved det er n\u00e6sten at det ikke vil g\u00e5 v\u00e6k.<\/strong><\/p>\n<p class=\"western\"><strong>Jeg pr\u00f8ver at snakke med mit indre jeg, og fort\u00e6lle mig selv, alt det<\/strong><br \/>\n<strong>jeg kender fra Martinus, at det ikke er godt at v\u00e6re s\u00e5 gal og da slet<\/strong><br \/>\n<strong>ikke over ingenting. Men g\u00e5 v\u00e6k, det ville det ikke.<\/strong><\/p>\n<p class=\"western\"><strong>Det var ellers en dejlig sommer dag, solen skinnede og det var over 20<\/strong><br \/>\n<strong>grader varmt, s\u00e5 vejret kunne jeg ikke beskylde for at v\u00e6re \u00e5rsagen.<\/strong><\/p>\n<p class=\"western\"><strong>Hvad var jeg da s\u00e5 vred over ?<\/strong><br \/>\n<strong>Jo , jeg havde f\u00e5et den m\u00e6rkelige ide at , det nok alt sammen var de<\/strong><br \/>\n<strong>indvandres skyld. M\u00e5ske har jeg ladet mig p\u00e5virker af TV eller aviser<\/strong><br \/>\n<strong>og alt det andet, for sandheden er jo at indvandrerne da aldrig havde gjort<\/strong><br \/>\n<strong>mig noget ondt. Det til trods for, at vi jo har en del, af dem her p\u00e5 N\u00f8rrebro.<\/strong><\/p>\n<p class=\"western\"><strong>For at afhj\u00e6lpe lidt p\u00e5 denne m\u00e6rkelige vrede , fik jeg den ide at cykle mig en<\/strong><br \/>\n<strong>tur i det gode vejr og f\u00e5 bl\u00e6st nogle af de m\u00e6rkelige tanker ud.<\/strong><br \/>\n<strong>Jeg fandt derfor min cykel frem og cyklede ud mod Frederiksbergs\u2019 have.<\/strong><\/p>\n<p class=\"western\"><strong>Det hjalp lidt.<\/strong><\/p>\n<p class=\"western\"><strong>Ved haven g\u00e5r jeg s\u00e5 ned mod den smukke s\u00f8 , som ligger inde i haven.<\/strong><br \/>\n<strong>Der var mange, og mange glade mennesker, de smilede og legede. og s\u00e5 p\u00e5 den<\/strong><br \/>\n<strong>dejlige natur.<\/strong><\/p>\n<p class=\"western\"><strong>Desv\u00e6rre var jeg forsat inde i de m\u00f8rke tanker , det var som om det var<\/strong><br \/>\n<strong>forhekset, at jeg ikke kunne slippe dem.<\/strong><br \/>\n<strong>En Is , t\u00e6nkte jeg, det m\u00e5 da kunne hj\u00e6lpe. Da Is jo er noget jeg sj\u00e6ldent<\/strong><br \/>\n<strong>spiser , grundet min v\u00e6gt og min alder , t\u00e6nkte jeg at det m\u00e5tte kunne<\/strong><br \/>\n<strong>k\u00f8le de d\u00e5rlige tanker ned.<\/strong><br \/>\n<strong>Derfor satte jeg mig ved s\u00f8en, p\u00e5 en b\u00e6nk ,og der kunne jeg se ud over alle<\/strong><br \/>\n<strong>de glade mennesker der n\u00f8d solens dejlige lys.<\/strong><\/p>\n<p class=\"western\"><strong>Mens jeg sad der , kom en lille m\u00f8rk pige og hendes far, hen mod mig.<\/strong><br \/>\n<strong>Ogs\u00e5 de k\u00f8bte en is og sjovt nok satte faderen , som var hvid, sig p\u00e5<\/strong><br \/>\n<strong>den ene side, og den lille pige, hun har vel v\u00e6ret 4- 5 \u00e5r , sig ved den anden side<\/strong><br \/>\n<strong>af mig.<\/strong><br \/>\n<strong>Ikke fordi jeg fyldte hele b\u00e6nker, vil jeg lige indskyde.<\/strong><\/p>\n<p class=\"western\"><strong>Der sad vi s\u00e5 , alle 3 , en lille pige, som var m\u00f8rk og hendes far (t\u00e6nker jeg)<\/strong><br \/>\n<strong>og lille mig, med alt min vrede.<\/strong><br \/>\n<strong>Jeg pr\u00f8vede at undg\u00e5 at se p\u00e5 dem, men hun var meget s\u00f8d og k\u00f8n.<\/strong><\/p>\n<p class=\"western\"><strong>Ogs\u00e5 faderen virkede rar.<\/strong><\/p>\n<p class=\"western\"><strong>Pludselig, som ud af den bl\u00e5 luft , plantede den lille pige, sin ene finger p\u00e5<\/strong><br \/>\n<strong>min h\u00e5ndfalde, og i kender nok s\u00e5dan nogle sm\u00e5 fingre hvordan de kan b\u00f8je<\/strong><br \/>\n<strong>n\u00e6sten som et siv i vinden, idet hun sagde : Du er helt hvid og (hun flyttede<\/strong><br \/>\n<strong>fingeren over til sin egen h\u00e5ndflade) og jeg er helt m\u00f8rk, det er fordi<\/strong><br \/>\n<strong>min Far har k\u00f8bt mig.<\/strong><\/p>\n<p class=\"western\"><strong>\u2026\u2026..<\/strong><\/p>\n<p class=\"western\"><strong>Der blev helt stille ! mit hoved blev ogs\u00e5 helt stille. Det var som en engel<\/strong><br \/>\n<strong>der gik gennem parken og lige forbi os.<\/strong><\/p>\n<p class=\"western\"><strong>Ja, t\u00e6nkte jeg, hvad er det for noget pladder at g\u00e5 og v\u00e6re sur og vred over<\/strong><br \/>\n<strong>noget som du slet ikke kender, og slet ikke har f\u00f8lt nogen sinde.<\/strong><\/p>\n<p class=\"western\"><strong>Og vips, de vrede tanker var pist v\u00e6k.<\/strong><br \/>\n<strong>Jeg smilede, til den lille m\u00f8rke engel , som havde f\u00e5et mig p\u00e5 bedre tanker<\/strong><br \/>\n<strong>og vi udvekslede , \u00f8jne til hinanden.<\/strong><\/p>\n<p class=\"western\"><strong>S\u00e5 hoppede hun ned fra b\u00e6nken og hoppe hen af stien glad og forn\u00f8jet med<\/strong><br \/>\n<strong>sin far lige i h\u00e6lene.<\/strong><br \/>\n<strong>Da jeg nu igen kunne t\u00e6nke klart , kunne jeg ikke lade v\u00e6re med at tro<\/strong><br \/>\n<strong>p\u00e5, at nogle gange sender forsynet os bare s\u00e5 smukt indpakket beskeder<\/strong><br \/>\n<strong>n\u00e5r vi alder mindst venter det.<\/strong><\/p>\n<p class=\"western\"><strong>Og tak for det.<\/strong><\/p>\n<p>&nbsp;<\/p>\n<p class=\"western\">\n<p class=\"western\">\n","protected":false},"excerpt":{"rendered":"<p>&nbsp; N\u00e5r forsynet snakker ! Allan Christensen N\u00f8rrebro. Det var en af de dage, jeg ved ikke om du kender det, hvor man bare er s\u00e5 sur over et eller andet. Det v\u00e6rste ved det er n\u00e6sten at det ikke vil g\u00e5 v\u00e6k. Jeg pr\u00f8ver at snakke med mit indre jeg, og fort\u00e6lle mig selv, [&hellip;]<\/p>\n","protected":false},"author":1,"featured_media":0,"parent":0,"menu_order":0,"comment_status":"closed","ping_status":"closed","template":"","meta":{"_bbp_topic_count":0,"_bbp_reply_count":0,"_bbp_total_topic_count":0,"_bbp_total_reply_count":0,"_bbp_voice_count":0,"_bbp_anonymous_reply_count":0,"_bbp_topic_count_hidden":0,"_bbp_reply_count_hidden":0,"_bbp_forum_subforum_count":0,"footnotes":""},"class_list":["post-193","page","type-page","status-publish","hentry"],"_links":{"self":[{"href":"https:\/\/www.ac-pc.dk\/index.php\/wp-json\/wp\/v2\/pages\/193","targetHints":{"allow":["GET"]}}],"collection":[{"href":"https:\/\/www.ac-pc.dk\/index.php\/wp-json\/wp\/v2\/pages"}],"about":[{"href":"https:\/\/www.ac-pc.dk\/index.php\/wp-json\/wp\/v2\/types\/page"}],"author":[{"embeddable":true,"href":"https:\/\/www.ac-pc.dk\/index.php\/wp-json\/wp\/v2\/users\/1"}],"replies":[{"embeddable":true,"href":"https:\/\/www.ac-pc.dk\/index.php\/wp-json\/wp\/v2\/comments?post=193"}],"version-history":[{"count":3,"href":"https:\/\/www.ac-pc.dk\/index.php\/wp-json\/wp\/v2\/pages\/193\/revisions"}],"predecessor-version":[{"id":196,"href":"https:\/\/www.ac-pc.dk\/index.php\/wp-json\/wp\/v2\/pages\/193\/revisions\/196"}],"wp:attachment":[{"href":"https:\/\/www.ac-pc.dk\/index.php\/wp-json\/wp\/v2\/media?parent=193"}],"curies":[{"name":"wp","href":"https:\/\/api.w.org\/{rel}","templated":true}]}}