{"id":212,"date":"2024-11-09T23:00:44","date_gmt":"2024-11-09T22:00:44","guid":{"rendered":"http:\/\/www.ac-pc.dk\/?page_id=212"},"modified":"2024-11-09T23:06:38","modified_gmt":"2024-11-09T22:06:38","slug":"synd","status":"publish","type":"page","link":"https:\/\/www.ac-pc.dk\/index.php\/synd\/","title":{"rendered":"Synd"},"content":{"rendered":"<h2 class=\"western\">SYND<\/h2>\n<h3 class=\"western\"><span style=\"font-size: medium;\">Den tanke, slog mig , i dag, at<br \/>\n<\/span><span style=\"font-size: medium;\">jeg er \u201dfejl anbragt<\/span>\u201d.<\/h3>\n<h3 class=\"western\">Jo, for jeg t\u00e6nkte : Hvordan skal<br \/>\n<span style=\"font-size: medium;\">der v\u00e6re i \u201dHimmelen\u201d hvis du skal v\u00e6re der ?<br \/>\n<\/span><span style=\"font-size: medium;\">Jeg lod tankerne flyve og kom da<br \/>\n<\/span><span style=\"font-size: medium;\">frem til, hvad jeg savnede mest.<br \/>\n<\/span><span style=\"font-size: medium;\">T\u00e6nk hvis jeg igen kunne nyde en god<br \/>\n<\/span><span style=\"font-size: medium;\">pibe tobak som i gamle dage, t\u00e6nk om<br \/>\n<\/span><span style=\"font-size: medium;\">jeg kunne spise hamburger uden begr\u00e6nsninger,<br \/>\n<\/span><span style=\"font-size: medium;\">t\u00e6nk om der var s\u00f8de, k\u00e6rlige og villige<br \/>\n<\/span><span style=\"font-size: medium;\">kvinder. <\/span><\/h3>\n<h3 class=\"western\"><span style=\"font-size: medium;\">S\u00e5 ville jeg v\u00e6re i \u201dhimmelen\u201d.<br \/>\n<\/span><span style=\"font-size: medium;\">T\u00e6nk om mennesker var \u00e6rlige og uden<br \/>\n<\/span><span style=\"font-size: medium;\">bagtanke om at tage r\u00f8ven p\u00e5 en og t\u00e6nk<br \/>\n<\/span><span style=\"font-size: medium;\">om jeg kunne drikke r\u00f8dvin af den dyre slags<br \/>\n<\/span><span style=\"font-size: medium;\">uden at f\u00f8le mig \u201dfordrukken\u201d.<\/span><\/h3>\n<h3 class=\"western\"><span style=\"font-size: medium;\">Det ville v\u00e6re \u201dhimmelen\u201d.<br \/>\n<\/span><span style=\"font-size: medium;\">T\u00e6nk bare om sladder ikke fandtes ?<\/span><\/h3>\n<h3 class=\"western\"><span style=\"font-size: medium;\">Men dog !<\/span><\/h3>\n<h3 class=\"western\"><span style=\"font-size: medium;\">En gennemgang af de n\u00e6vnte omr\u00e5der ville<br \/>\n<\/span><span style=\"font-size: medium;\">jo v\u00e6re en billet til \u201dHelvede\u201d , s\u00e5 vidt<br \/>\n<\/span><span style=\"font-size: medium;\">jeg har forst\u00e5et.<br \/>\n<\/span><span style=\"font-size: medium;\">S\u00e5 jeg m\u00e5 jo v\u00e6re \u201dfejl anbragt\u201d\u00a0 Men<br \/>\nSynd findes ikke , du KAN ikke synde \/ fejle , s\u00e5 du har ikke brug for<br \/>\nen frelser. Det hele er en film<br \/>\n<\/span><\/h3>\n<p><img loading=\"lazy\" decoding=\"async\" class=\"alignnone size-medium wp-image-207\" src=\"https:\/\/www.ac-pc.dk\/wp-content\/uploads\/2024\/11\/cropped-reiki5-300x218.jpg\" alt=\"\" width=\"300\" height=\"218\" srcset=\"https:\/\/www.ac-pc.dk\/wp-content\/uploads\/2024\/11\/cropped-reiki5-300x218.jpg 300w, https:\/\/www.ac-pc.dk\/wp-content\/uploads\/2024\/11\/cropped-reiki5.jpg 400w\" sizes=\"auto, (max-width: 300px) 100vw, 300px\" \/><\/p>\n<div class=\"pvc_clear\"><\/div>\n<p id=\"pvc_stats_212\" class=\"pvc_stats all  \" data-element-id=\"212\" style=\"\"><i class=\"pvc-stats-icon large\" aria-hidden=\"true\"><svg aria-hidden=\"true\" focusable=\"false\" data-prefix=\"far\" data-icon=\"chart-bar\" role=\"img\" xmlns=\"http:\/\/www.w3.org\/2000\/svg\" viewBox=\"0 0 512 512\" class=\"svg-inline--fa fa-chart-bar fa-w-16 fa-2x\"><path fill=\"currentColor\" d=\"M396.8 352h22.4c6.4 0 12.8-6.4 12.8-12.8V108.8c0-6.4-6.4-12.8-12.8-12.8h-22.4c-6.4 0-12.8 6.4-12.8 12.8v230.4c0 6.4 6.4 12.8 12.8 12.8zm-192 0h22.4c6.4 0 12.8-6.4 12.8-12.8V140.8c0-6.4-6.4-12.8-12.8-12.8h-22.4c-6.4 0-12.8 6.4-12.8 12.8v198.4c0 6.4 6.4 12.8 12.8 12.8zm96 0h22.4c6.4 0 12.8-6.4 12.8-12.8V204.8c0-6.4-6.4-12.8-12.8-12.8h-22.4c-6.4 0-12.8 6.4-12.8 12.8v134.4c0 6.4 6.4 12.8 12.8 12.8zM496 400H48V80c0-8.84-7.16-16-16-16H16C7.16 64 0 71.16 0 80v336c0 17.67 14.33 32 32 32h464c8.84 0 16-7.16 16-16v-16c0-8.84-7.16-16-16-16zm-387.2-48h22.4c6.4 0 12.8-6.4 12.8-12.8v-70.4c0-6.4-6.4-12.8-12.8-12.8h-22.4c-6.4 0-12.8 6.4-12.8 12.8v70.4c0 6.4 6.4 12.8 12.8 12.8z\" class=\"\"><\/path><\/svg><\/i> <img loading=\"lazy\" decoding=\"async\" width=\"16\" height=\"16\" alt=\"Loading\" src=\"https:\/\/www.ac-pc.dk\/wp-content\/plugins\/page-views-count\/ajax-loader-2x.gif\" border=0 \/><\/p>\n<div class=\"pvc_clear\"><\/div>\n","protected":false},"excerpt":{"rendered":"<p>SYND Den tanke, slog mig , i dag, at jeg er \u201dfejl anbragt\u201d. Jo, for jeg t\u00e6nkte : Hvordan skal der v\u00e6re i \u201dHimmelen\u201d hvis du skal v\u00e6re der ? Jeg lod tankerne flyve og kom da frem til, hvad jeg savnede mest. T\u00e6nk hvis jeg igen kunne nyde en god pibe tobak som i [&hellip;]<\/p>\n<div class=\"pvc_clear\"><\/div>\n<p id=\"pvc_stats_212\" class=\"pvc_stats all  \" data-element-id=\"212\" style=\"\"><i class=\"pvc-stats-icon large\" aria-hidden=\"true\"><svg aria-hidden=\"true\" focusable=\"false\" data-prefix=\"far\" data-icon=\"chart-bar\" role=\"img\" xmlns=\"http:\/\/www.w3.org\/2000\/svg\" viewBox=\"0 0 512 512\" class=\"svg-inline--fa fa-chart-bar fa-w-16 fa-2x\"><path fill=\"currentColor\" d=\"M396.8 352h22.4c6.4 0 12.8-6.4 12.8-12.8V108.8c0-6.4-6.4-12.8-12.8-12.8h-22.4c-6.4 0-12.8 6.4-12.8 12.8v230.4c0 6.4 6.4 12.8 12.8 12.8zm-192 0h22.4c6.4 0 12.8-6.4 12.8-12.8V140.8c0-6.4-6.4-12.8-12.8-12.8h-22.4c-6.4 0-12.8 6.4-12.8 12.8v198.4c0 6.4 6.4 12.8 12.8 12.8zm96 0h22.4c6.4 0 12.8-6.4 12.8-12.8V204.8c0-6.4-6.4-12.8-12.8-12.8h-22.4c-6.4 0-12.8 6.4-12.8 12.8v134.4c0 6.4 6.4 12.8 12.8 12.8zM496 400H48V80c0-8.84-7.16-16-16-16H16C7.16 64 0 71.16 0 80v336c0 17.67 14.33 32 32 32h464c8.84 0 16-7.16 16-16v-16c0-8.84-7.16-16-16-16zm-387.2-48h22.4c6.4 0 12.8-6.4 12.8-12.8v-70.4c0-6.4-6.4-12.8-12.8-12.8h-22.4c-6.4 0-12.8 6.4-12.8 12.8v70.4c0 6.4 6.4 12.8 12.8 12.8z\" class=\"\"><\/path><\/svg><\/i> <img loading=\"lazy\" decoding=\"async\" width=\"16\" height=\"16\" alt=\"Loading\" src=\"https:\/\/www.ac-pc.dk\/wp-content\/plugins\/page-views-count\/ajax-loader-2x.gif\" border=0 \/><\/p>\n<div class=\"pvc_clear\"><\/div>\n","protected":false},"author":1,"featured_media":0,"parent":0,"menu_order":0,"comment_status":"closed","ping_status":"closed","template":"","meta":{"_bbp_topic_count":0,"_bbp_reply_count":0,"_bbp_total_topic_count":0,"_bbp_total_reply_count":0,"_bbp_voice_count":0,"_bbp_anonymous_reply_count":0,"_bbp_topic_count_hidden":0,"_bbp_reply_count_hidden":0,"_bbp_forum_subforum_count":0,"footnotes":""},"class_list":["post-212","page","type-page","status-publish","hentry"],"a3_pvc":{"activated":true,"total_views":20,"today_views":0},"_links":{"self":[{"href":"https:\/\/www.ac-pc.dk\/index.php\/wp-json\/wp\/v2\/pages\/212","targetHints":{"allow":["GET"]}}],"collection":[{"href":"https:\/\/www.ac-pc.dk\/index.php\/wp-json\/wp\/v2\/pages"}],"about":[{"href":"https:\/\/www.ac-pc.dk\/index.php\/wp-json\/wp\/v2\/types\/page"}],"author":[{"embeddable":true,"href":"https:\/\/www.ac-pc.dk\/index.php\/wp-json\/wp\/v2\/users\/1"}],"replies":[{"embeddable":true,"href":"https:\/\/www.ac-pc.dk\/index.php\/wp-json\/wp\/v2\/comments?post=212"}],"version-history":[{"count":4,"href":"https:\/\/www.ac-pc.dk\/index.php\/wp-json\/wp\/v2\/pages\/212\/revisions"}],"predecessor-version":[{"id":216,"href":"https:\/\/www.ac-pc.dk\/index.php\/wp-json\/wp\/v2\/pages\/212\/revisions\/216"}],"wp:attachment":[{"href":"https:\/\/www.ac-pc.dk\/index.php\/wp-json\/wp\/v2\/media?parent=212"}],"curies":[{"name":"wp","href":"https:\/\/api.w.org\/{rel}","templated":true}]}}